{"id":2939,"date":"2024-11-05T14:24:28","date_gmt":"2024-11-05T13:24:28","guid":{"rendered":"https:\/\/lebestiaire.fr\/?post_type=product&#038;p=2939"},"modified":"2025-10-18T21:47:05","modified_gmt":"2025-10-18T19:47:05","slug":"z_coussin-_carre","status":"publish","type":"product","link":"https:\/\/lebestiaire.fr\/?product=z_coussin-_carre","title":{"rendered":"Housse de coussin &#8211; Les H\u00e9rons"},"content":{"rendered":"<p>Fabriqu\u00e9e \u00e0 base d&rsquo;un velours \u00e9pais d&rsquo;ameublement et avec son dos en coton \u00e9cru, cette housse de coussin poss\u00e8de une belle tenue et s&rsquo;invite avec authenticit\u00e9 partout dans votre int\u00e9rieur. <a href=\"https:\/\/lebestiaire.fr\/?product=housse-de-coussin-les-hirondelles\">Hirondelles<\/a>, <a href=\"https:\/\/lebestiaire.fr\/?product=housse-de-coussin-les-poulpes\">poulpes<\/a>, <a href=\"https:\/\/lebestiaire.fr\/?product=housse-de-coussin-les-cerfs\">cerfs<\/a>, <a href=\"https:\/\/lebestiaire.fr\/?product=housse-de-coussin-les-lievres\">li\u00e8vres<\/a>, <a href=\"https:\/\/lebestiaire.fr\/?product=z_coussin-_carre\">h\u00e9rons<\/a>, <a href=\"https:\/\/lebestiaire.fr\/?product=duo-de-housses-de-coussin-tigre\">tigre<\/a> ou <a href=\"https:\/\/lebestiaire.fr\/?product=lot-de-2-housses-de-coussin-le-crocodile\">crocodile<\/a>, il y en a pour toutes les d\u00e9corations int\u00e9rieures et pour tous les go\u00fbts.<\/p>\n<p>Due \u00e0 la fabrication artisanale, la taille indiqu\u00e9e peut varier jusqu\u2019\u00e0 2 cm. Il est recommand\u00e9 de laver votre housse \u00e0 30\u00b0C sans utiliser le s\u00e8che linge. Vous pouvez la repasser sur le dos en coton, ne jamais repasser directement sur le velours.<\/p>\n","protected":false},"excerpt":{"rendered":"<p>Votre maison aussi a le droit \u00e0 un peu de douceur. Les taies de coussin Le Bestiaire illustr\u00e9es apporteront de l&rsquo;originalit\u00e9, de la couleur et une touche chaleureuse \u00e0 votre int\u00e9rieur.<\/p>\n<ul>\n<li>Composition: 50% polyester, 50% coton<\/li>\n<li>Taille: 44 x 44 cm<\/li>\n<li>Fabrication: Imagin\u00e9, dessin\u00e9, imprim\u00e9 et cousu en France<\/li>\n<li>D\u00e9tails: forme portefeuille, vendu sans la garniture<\/li>\n<\/ul>\n<p>&nbsp;<\/p>\n<p>Sur votre canap\u00e9, sur une chaise, sur le lit, dans la chambre des enfants, trouvez la joyeuse place de ces jolis compagnons!<\/p>\n","protected":false},"featured_media":3028,"comment_status":"open","ping_status":"closed","template":"","meta":[],"product_brand":[],"product_cat":[35],"product_tag":[],"class_list":{"0":"post-2939","1":"product","2":"type-product","3":"status-publish","4":"has-post-thumbnail","6":"product_cat-d-coussins","7":"product_shipping_class-coffret","9":"entry","10":"has-media","12":"first","13":"instock","14":"taxable","15":"shipping-taxable","16":"purchasable","17":"product-type-simple","18":"col","19":"span_1_of_3","20":"owp-content-center","21":"owp-thumbs-layout-horizontal","22":"owp-btn-normal","23":"owp-tabs-layout-horizontal"},"yoast_head":"<!-- This site is optimized with the Yoast SEO plugin v27.4 - https:\/\/yoast.com\/product\/yoast-seo-wordpress\/ -->\n<title>Housse de coussin - Les H\u00e9rons | Le Bestiaire<\/title>\n<meta name=\"description\" content=\"Avec ses couleurs douces, la housse de coussin illustr\u00e9e de h\u00e9rons Le Bestiaire \u00e9pousera avec d\u00e9licatesse la d\u00e9coration int\u00e9rieure de votre petit nid.\" \/>\n<meta name=\"robots\" content=\"index, follow, max-snippet:-1, max-image-preview:large, max-video-preview:-1\" \/>\n<link rel=\"canonical\" href=\"https:\/\/lebestiaire.fr\/?product=z_coussin-_carre\" \/>\n<meta property=\"og:locale\" content=\"fr_FR\" \/>\n<meta property=\"og:type\" content=\"article\" \/>\n<meta property=\"og:title\" content=\"Housse de coussin - Les H\u00e9rons | Le Bestiaire\" \/>\n<meta property=\"og:description\" content=\"Avec ses couleurs douces, la housse de coussin illustr\u00e9e de h\u00e9rons Le Bestiaire \u00e9pousera avec d\u00e9licatesse la d\u00e9coration int\u00e9rieure de votre petit nid.\" \/>\n<meta property=\"og:url\" content=\"https:\/\/lebestiaire.fr\/?product=z_coussin-_carre\" \/>\n<meta property=\"og:site_name\" content=\"Le Bestiaire\" \/>\n<meta property=\"article:modified_time\" content=\"2025-10-18T19:47:05+00:00\" \/>\n<meta property=\"og:image\" content=\"https:\/\/lebestiaire.fr\/wp-content\/uploads\/2024\/11\/coussin_herons_1-scaled.jpg\" \/>\n\t<meta property=\"og:image:width\" content=\"2560\" \/>\n\t<meta property=\"og:image:height\" content=\"2560\" \/>\n\t<meta property=\"og:image:type\" content=\"image\/jpeg\" \/>\n<meta name=\"twitter:card\" content=\"summary_large_image\" \/>\n<meta name=\"twitter:label1\" content=\"Dur\u00e9e de lecture estim\u00e9e\" \/>\n\t<meta name=\"twitter:data1\" content=\"1 minute\" \/>\n<script type=\"application\/ld+json\" class=\"yoast-schema-graph\">{\"@context\":\"https:\\\/\\\/schema.org\",\"@graph\":[{\"@type\":\"WebPage\",\"@id\":\"https:\\\/\\\/lebestiaire.fr\\\/?product=z_coussin-_carre\",\"url\":\"https:\\\/\\\/lebestiaire.fr\\\/?product=z_coussin-_carre\",\"name\":\"Housse de coussin - Les H\u00e9rons | Le Bestiaire\",\"isPartOf\":{\"@id\":\"https:\\\/\\\/lebestiaire.fr\\\/#website\"},\"primaryImageOfPage\":{\"@id\":\"https:\\\/\\\/lebestiaire.fr\\\/?product=z_coussin-_carre#primaryimage\"},\"image\":{\"@id\":\"https:\\\/\\\/lebestiaire.fr\\\/?product=z_coussin-_carre#primaryimage\"},\"thumbnailUrl\":\"https:\\\/\\\/lebestiaire.fr\\\/wp-content\\\/uploads\\\/2024\\\/11\\\/coussin_herons_1-scaled.jpg\",\"datePublished\":\"2024-11-05T13:24:28+00:00\",\"dateModified\":\"2025-10-18T19:47:05+00:00\",\"description\":\"Avec ses couleurs douces, la housse de coussin illustr\u00e9e de h\u00e9rons Le Bestiaire \u00e9pousera avec d\u00e9licatesse la d\u00e9coration int\u00e9rieure de votre petit nid.\",\"breadcrumb\":{\"@id\":\"https:\\\/\\\/lebestiaire.fr\\\/?product=z_coussin-_carre#breadcrumb\"},\"inLanguage\":\"fr-FR\",\"potentialAction\":[{\"@type\":\"ReadAction\",\"target\":[\"https:\\\/\\\/lebestiaire.fr\\\/?product=z_coussin-_carre\"]}]},{\"@type\":\"ImageObject\",\"inLanguage\":\"fr-FR\",\"@id\":\"https:\\\/\\\/lebestiaire.fr\\\/?product=z_coussin-_carre#primaryimage\",\"url\":\"https:\\\/\\\/lebestiaire.fr\\\/wp-content\\\/uploads\\\/2024\\\/11\\\/coussin_herons_1-scaled.jpg\",\"contentUrl\":\"https:\\\/\\\/lebestiaire.fr\\\/wp-content\\\/uploads\\\/2024\\\/11\\\/coussin_herons_1-scaled.jpg\",\"width\":2560,\"height\":2560,\"caption\":\"Housse de coussin Les H\u00e9rons| Le Bestiaire\"},{\"@type\":\"BreadcrumbList\",\"@id\":\"https:\\\/\\\/lebestiaire.fr\\\/?product=z_coussin-_carre#breadcrumb\",\"itemListElement\":[{\"@type\":\"ListItem\",\"position\":1,\"name\":\"Accueil\",\"item\":\"https:\\\/\\\/lebestiaire.fr\\\/\"},{\"@type\":\"ListItem\",\"position\":2,\"name\":\"Foulards &#038; Accessoires\",\"item\":\"https:\\\/\\\/lebestiaire.fr\\\/?page_id=60\"},{\"@type\":\"ListItem\",\"position\":3,\"name\":\"Housse de coussin &#8211; Les H\u00e9rons\"}]},{\"@type\":\"WebSite\",\"@id\":\"https:\\\/\\\/lebestiaire.fr\\\/#website\",\"url\":\"https:\\\/\\\/lebestiaire.fr\\\/\",\"name\":\"Le Bestiaire\",\"description\":\"Le Bestiaire \u2013 Accessoires textiles illustr\u00e9s, en soie ou coton, dessin\u00e9s et fabriqu\u00e9s en France\",\"publisher\":{\"@id\":\"https:\\\/\\\/lebestiaire.fr\\\/#organization\"},\"alternateName\":\"Le Bestiaire \u2022 Foulards & textiles illustr\u00e9s en France\",\"potentialAction\":[{\"@type\":\"SearchAction\",\"target\":{\"@type\":\"EntryPoint\",\"urlTemplate\":\"https:\\\/\\\/lebestiaire.fr\\\/?s={search_term_string}\"},\"query-input\":{\"@type\":\"PropertyValueSpecification\",\"valueRequired\":true,\"valueName\":\"search_term_string\"}}],\"inLanguage\":\"fr-FR\"},{\"@type\":\"Organization\",\"@id\":\"https:\\\/\\\/lebestiaire.fr\\\/#organization\",\"name\":\"Le Bestiaire\",\"url\":\"https:\\\/\\\/lebestiaire.fr\\\/\",\"logo\":{\"@type\":\"ImageObject\",\"inLanguage\":\"fr-FR\",\"@id\":\"https:\\\/\\\/lebestiaire.fr\\\/#\\\/schema\\\/logo\\\/image\\\/\",\"url\":\"https:\\\/\\\/lebestiaire.fr\\\/wp-content\\\/uploads\\\/2023\\\/06\\\/logo.jpg\",\"contentUrl\":\"https:\\\/\\\/lebestiaire.fr\\\/wp-content\\\/uploads\\\/2023\\\/06\\\/logo.jpg\",\"width\":1390,\"height\":569,\"caption\":\"Le Bestiaire\"},\"image\":{\"@id\":\"https:\\\/\\\/lebestiaire.fr\\\/#\\\/schema\\\/logo\\\/image\\\/\"}}]}<\/script>\n<!-- \/ Yoast SEO plugin. -->","yoast_head_json":{"title":"Housse de coussin - Les H\u00e9rons | Le Bestiaire","description":"Avec ses couleurs douces, la housse de coussin illustr\u00e9e de h\u00e9rons Le Bestiaire \u00e9pousera avec d\u00e9licatesse la d\u00e9coration int\u00e9rieure de votre petit nid.","robots":{"index":"index","follow":"follow","max-snippet":"max-snippet:-1","max-image-preview":"max-image-preview:large","max-video-preview":"max-video-preview:-1"},"canonical":"https:\/\/lebestiaire.fr\/?product=z_coussin-_carre","og_locale":"fr_FR","og_type":"article","og_title":"Housse de coussin - Les H\u00e9rons | Le Bestiaire","og_description":"Avec ses couleurs douces, la housse de coussin illustr\u00e9e de h\u00e9rons Le Bestiaire \u00e9pousera avec d\u00e9licatesse la d\u00e9coration int\u00e9rieure de votre petit nid.","og_url":"https:\/\/lebestiaire.fr\/?product=z_coussin-_carre","og_site_name":"Le Bestiaire","article_modified_time":"2025-10-18T19:47:05+00:00","og_image":[{"width":2560,"height":2560,"url":"https:\/\/lebestiaire.fr\/wp-content\/uploads\/2024\/11\/coussin_herons_1-scaled.jpg","type":"image\/jpeg"}],"twitter_card":"summary_large_image","twitter_misc":{"Dur\u00e9e de lecture estim\u00e9e":"1 minute"},"schema":{"@context":"https:\/\/schema.org","@graph":[{"@type":"WebPage","@id":"https:\/\/lebestiaire.fr\/?product=z_coussin-_carre","url":"https:\/\/lebestiaire.fr\/?product=z_coussin-_carre","name":"Housse de coussin - Les H\u00e9rons | Le Bestiaire","isPartOf":{"@id":"https:\/\/lebestiaire.fr\/#website"},"primaryImageOfPage":{"@id":"https:\/\/lebestiaire.fr\/?product=z_coussin-_carre#primaryimage"},"image":{"@id":"https:\/\/lebestiaire.fr\/?product=z_coussin-_carre#primaryimage"},"thumbnailUrl":"https:\/\/lebestiaire.fr\/wp-content\/uploads\/2024\/11\/coussin_herons_1-scaled.jpg","datePublished":"2024-11-05T13:24:28+00:00","dateModified":"2025-10-18T19:47:05+00:00","description":"Avec ses couleurs douces, la housse de coussin illustr\u00e9e de h\u00e9rons Le Bestiaire \u00e9pousera avec d\u00e9licatesse la d\u00e9coration int\u00e9rieure de votre petit nid.","breadcrumb":{"@id":"https:\/\/lebestiaire.fr\/?product=z_coussin-_carre#breadcrumb"},"inLanguage":"fr-FR","potentialAction":[{"@type":"ReadAction","target":["https:\/\/lebestiaire.fr\/?product=z_coussin-_carre"]}]},{"@type":"ImageObject","inLanguage":"fr-FR","@id":"https:\/\/lebestiaire.fr\/?product=z_coussin-_carre#primaryimage","url":"https:\/\/lebestiaire.fr\/wp-content\/uploads\/2024\/11\/coussin_herons_1-scaled.jpg","contentUrl":"https:\/\/lebestiaire.fr\/wp-content\/uploads\/2024\/11\/coussin_herons_1-scaled.jpg","width":2560,"height":2560,"caption":"Housse de coussin Les H\u00e9rons| Le Bestiaire"},{"@type":"BreadcrumbList","@id":"https:\/\/lebestiaire.fr\/?product=z_coussin-_carre#breadcrumb","itemListElement":[{"@type":"ListItem","position":1,"name":"Accueil","item":"https:\/\/lebestiaire.fr\/"},{"@type":"ListItem","position":2,"name":"Foulards &#038; Accessoires","item":"https:\/\/lebestiaire.fr\/?page_id=60"},{"@type":"ListItem","position":3,"name":"Housse de coussin &#8211; Les H\u00e9rons"}]},{"@type":"WebSite","@id":"https:\/\/lebestiaire.fr\/#website","url":"https:\/\/lebestiaire.fr\/","name":"Le Bestiaire","description":"Le Bestiaire \u2013 Accessoires textiles illustr\u00e9s, en soie ou coton, dessin\u00e9s et fabriqu\u00e9s en France","publisher":{"@id":"https:\/\/lebestiaire.fr\/#organization"},"alternateName":"Le Bestiaire \u2022 Foulards & textiles illustr\u00e9s en France","potentialAction":[{"@type":"SearchAction","target":{"@type":"EntryPoint","urlTemplate":"https:\/\/lebestiaire.fr\/?s={search_term_string}"},"query-input":{"@type":"PropertyValueSpecification","valueRequired":true,"valueName":"search_term_string"}}],"inLanguage":"fr-FR"},{"@type":"Organization","@id":"https:\/\/lebestiaire.fr\/#organization","name":"Le Bestiaire","url":"https:\/\/lebestiaire.fr\/","logo":{"@type":"ImageObject","inLanguage":"fr-FR","@id":"https:\/\/lebestiaire.fr\/#\/schema\/logo\/image\/","url":"https:\/\/lebestiaire.fr\/wp-content\/uploads\/2023\/06\/logo.jpg","contentUrl":"https:\/\/lebestiaire.fr\/wp-content\/uploads\/2023\/06\/logo.jpg","width":1390,"height":569,"caption":"Le Bestiaire"},"image":{"@id":"https:\/\/lebestiaire.fr\/#\/schema\/logo\/image\/"}}]}},"jetpack_sharing_enabled":true,"_links":{"self":[{"href":"https:\/\/lebestiaire.fr\/index.php?rest_route=\/wp\/v2\/product\/2939","targetHints":{"allow":["GET"]}}],"collection":[{"href":"https:\/\/lebestiaire.fr\/index.php?rest_route=\/wp\/v2\/product"}],"about":[{"href":"https:\/\/lebestiaire.fr\/index.php?rest_route=\/wp\/v2\/types\/product"}],"replies":[{"embeddable":true,"href":"https:\/\/lebestiaire.fr\/index.php?rest_route=%2Fwp%2Fv2%2Fcomments&post=2939"}],"version-history":[{"count":11,"href":"https:\/\/lebestiaire.fr\/index.php?rest_route=\/wp\/v2\/product\/2939\/revisions"}],"predecessor-version":[{"id":3164,"href":"https:\/\/lebestiaire.fr\/index.php?rest_route=\/wp\/v2\/product\/2939\/revisions\/3164"}],"wp:featuredmedia":[{"embeddable":true,"href":"https:\/\/lebestiaire.fr\/index.php?rest_route=\/wp\/v2\/media\/3028"}],"wp:attachment":[{"href":"https:\/\/lebestiaire.fr\/index.php?rest_route=%2Fwp%2Fv2%2Fmedia&parent=2939"}],"wp:term":[{"taxonomy":"product_brand","embeddable":true,"href":"https:\/\/lebestiaire.fr\/index.php?rest_route=%2Fwp%2Fv2%2Fproduct_brand&post=2939"},{"taxonomy":"product_cat","embeddable":true,"href":"https:\/\/lebestiaire.fr\/index.php?rest_route=%2Fwp%2Fv2%2Fproduct_cat&post=2939"},{"taxonomy":"product_tag","embeddable":true,"href":"https:\/\/lebestiaire.fr\/index.php?rest_route=%2Fwp%2Fv2%2Fproduct_tag&post=2939"}],"curies":[{"name":"wp","href":"https:\/\/api.w.org\/{rel}","templated":true}]}}