{"id":2809,"date":"2024-11-03T15:36:22","date_gmt":"2024-11-03T14:36:22","guid":{"rendered":"https:\/\/lebestiaire.fr\/?post_type=product&#038;p=2809"},"modified":"2025-11-29T16:59:59","modified_gmt":"2025-11-29T15:59:59","slug":"foulard-en-soie-2","status":"publish","type":"product","link":"https:\/\/lebestiaire.fr\/?product=foulard-en-soie-2","title":{"rendered":"Foulard en soie &#8211; Les Papillons &#8211; \u00c9dition limit\u00e9e"},"content":{"rendered":"<p><span style=\"font-weight: 400\">Foulard en soie Les Papillons &#8211; \u00c9dition limit\u00e9e<\/span><\/p>\n<p class=\"p1\">Le l\u00e9gendaire foulard en soie, cet objet pr\u00e9cieux incarnant l&rsquo;\u00e9l\u00e9gance et la sophistication \u00e0 lui seul. Mais les foulards du Bestiaire ont quelque chose en plus : vous choisissez \u00e0 la fois une pi\u00e8ce d&rsquo;exception et un animal totem qui vous accompagnera pour longtemps. Ces pi\u00e8ces donneront sans effort du cachet et de la couleur \u00e0 chacune de vos tenues.<\/p>\n<p class=\"p1\">Le motif de ce carr\u00e9 a \u00e9t\u00e9 d\u00e9licatement peint \u00e0 l&rsquo;encre de chine puis mis en couleur et imprim\u00e9 num\u00e9riquement en s\u00e9rie limit\u00e9e.<\/p>\n<p class=\"p1\">Les papillons de nuit, symboles de la transformation et du myst\u00e8re, sont positionn\u00e9s sur le carr\u00e9 de mani\u00e8re \u00e0 offrir au port\u00e9 une multitude de lectures. D\u00e9pli\u00e9, le sujet appara\u00eet. Port\u00e9, les motifs deviennent abstraits et les teintes se m\u00e9langent avec harmonie pour s&rsquo;accorder \u00e0 votre tenue et votre visage. Le temps d&rsquo;une balade, l&rsquo;animal devient autour de votre cou encre et couleur, r\u00e9v\u00e9lant tout le travail de mati\u00e8res et de textures des dessins. Et parfois, un oeil se d\u00e9voile pour veiller sur vous.<\/p>\n<p class=\"p1\">Pour cette \u00e9dition limit\u00e9e, le motif <strong><em>Les Papillons<\/em><\/strong> \u00e0 \u00e9t\u00e9 produit sur soie en 25 exemplaires.<\/p>\n<p>Due \u00e0 la fabrication artisanale, la taille indiqu\u00e9e peut varier jusqu&rsquo;\u00e0 2 cm. La soie est une mati\u00e8re d\u00e9licate et fragile, il est recommand\u00e9 de laver votre carr\u00e9 \u00e0 froid \u00e0 la main et de le stocker soigneusement pli\u00e9. Vous pouvez le repasser au r\u00e9gime<em> soie.<\/em><\/p>\n","protected":false},"excerpt":{"rendered":"<p>Le motif de ce foulard en soie a \u00e9t\u00e9 imagin\u00e9 en France \u00e0 partir de dessins originaux r\u00e9alis\u00e9s \u00e0 l\u2019encre de chine.<\/p>\n<ul>\n<li>Composition: 100% soie<\/li>\n<li>Taille: 62 x 62 cm<\/li>\n<li>Fabrication: Imagin\u00e9, dessin\u00e9 et cousu en France, imprim\u00e9 en Italie<\/li>\n<li>D\u00e9tails: Carr\u00e9 accompagn\u00e9 d&rsquo;un certificat d&rsquo;authenticit\u00e9 num\u00e9rot\u00e9 de 1 \u00e0 25, \u00e9dition limit\u00e9e<\/li>\n<\/ul>\n<p>&nbsp;<\/p>\n<p>Retrouvez d&rsquo;autres motifs Le Bestiaire sur soie comme <a href=\"https:\/\/lebestiaire.fr\/?product=foulard-en-soie-3\">Les H\u00e9rons<\/a> ou <a href=\"https:\/\/lebestiaire.fr\/?product=foulard-en-soie\">Les Li\u00e8vres<\/a>.<\/p>\n","protected":false},"featured_media":2888,"comment_status":"open","ping_status":"closed","template":"","meta":[],"product_brand":[],"product_cat":[23],"product_tag":[],"class_list":{"0":"post-2809","1":"product","2":"type-product","3":"status-publish","4":"has-post-thumbnail","6":"product_cat-b-soie","7":"product_shipping_class-coffret","9":"entry","10":"has-media","12":"first","13":"instock","14":"taxable","15":"shipping-taxable","16":"purchasable","17":"product-type-simple","18":"col","19":"span_1_of_3","20":"owp-content-center","21":"owp-thumbs-layout-horizontal","22":"owp-btn-normal","23":"owp-tabs-layout-horizontal"},"yoast_head":"<!-- This site is optimized with the Yoast SEO plugin v27.4 - https:\/\/yoast.com\/product\/yoast-seo-wordpress\/ -->\n<title>Foulard en soie - Les Papillons - \u00c9dition limit\u00e9e | Le Bestiaire<\/title>\n<meta name=\"description\" content=\"Chaque foulard en soie Le Bestiaire est produit avec d\u00e9licatesse en \u00e9dition limit\u00e9e \u00e0 25 exemplaires, c&#039;est une pi\u00e8ce rare et authentique.\" \/>\n<meta name=\"robots\" content=\"index, follow, max-snippet:-1, max-image-preview:large, max-video-preview:-1\" \/>\n<link rel=\"canonical\" href=\"https:\/\/lebestiaire.fr\/?product=foulard-en-soie-2\" \/>\n<meta property=\"og:locale\" content=\"fr_FR\" \/>\n<meta property=\"og:type\" content=\"article\" \/>\n<meta property=\"og:title\" content=\"Foulard en soie - Les Papillons - \u00c9dition limit\u00e9e | Le Bestiaire\" \/>\n<meta property=\"og:description\" content=\"Chaque foulard en soie Le Bestiaire est produit avec d\u00e9licatesse en \u00e9dition limit\u00e9e \u00e0 25 exemplaires, c&#039;est une pi\u00e8ce rare et authentique.\" \/>\n<meta property=\"og:url\" content=\"https:\/\/lebestiaire.fr\/?product=foulard-en-soie-2\" \/>\n<meta property=\"og:site_name\" content=\"Le Bestiaire\" \/>\n<meta property=\"article:modified_time\" content=\"2025-11-29T15:59:59+00:00\" \/>\n<meta property=\"og:image\" content=\"https:\/\/lebestiaire.fr\/wp-content\/uploads\/2024\/11\/papillons-atelier-scaled.jpg\" \/>\n\t<meta property=\"og:image:width\" content=\"2560\" \/>\n\t<meta property=\"og:image:height\" content=\"2560\" \/>\n\t<meta property=\"og:image:type\" content=\"image\/jpeg\" \/>\n<meta name=\"twitter:card\" content=\"summary_large_image\" \/>\n<meta name=\"twitter:label1\" content=\"Dur\u00e9e de lecture estim\u00e9e\" \/>\n\t<meta name=\"twitter:data1\" content=\"2 minutes\" \/>\n<script type=\"application\/ld+json\" class=\"yoast-schema-graph\">{\"@context\":\"https:\\\/\\\/schema.org\",\"@graph\":[{\"@type\":\"WebPage\",\"@id\":\"https:\\\/\\\/lebestiaire.fr\\\/?product=foulard-en-soie-2\",\"url\":\"https:\\\/\\\/lebestiaire.fr\\\/?product=foulard-en-soie-2\",\"name\":\"Foulard en soie - Les Papillons - \u00c9dition limit\u00e9e | Le Bestiaire\",\"isPartOf\":{\"@id\":\"https:\\\/\\\/lebestiaire.fr\\\/#website\"},\"primaryImageOfPage\":{\"@id\":\"https:\\\/\\\/lebestiaire.fr\\\/?product=foulard-en-soie-2#primaryimage\"},\"image\":{\"@id\":\"https:\\\/\\\/lebestiaire.fr\\\/?product=foulard-en-soie-2#primaryimage\"},\"thumbnailUrl\":\"https:\\\/\\\/lebestiaire.fr\\\/wp-content\\\/uploads\\\/2024\\\/11\\\/papillons-atelier-scaled.jpg\",\"datePublished\":\"2024-11-03T14:36:22+00:00\",\"dateModified\":\"2025-11-29T15:59:59+00:00\",\"description\":\"Chaque foulard en soie Le Bestiaire est produit avec d\u00e9licatesse en \u00e9dition limit\u00e9e \u00e0 25 exemplaires, c'est une pi\u00e8ce rare et authentique.\",\"breadcrumb\":{\"@id\":\"https:\\\/\\\/lebestiaire.fr\\\/?product=foulard-en-soie-2#breadcrumb\"},\"inLanguage\":\"fr-FR\",\"potentialAction\":[{\"@type\":\"ReadAction\",\"target\":[\"https:\\\/\\\/lebestiaire.fr\\\/?product=foulard-en-soie-2\"]}]},{\"@type\":\"ImageObject\",\"inLanguage\":\"fr-FR\",\"@id\":\"https:\\\/\\\/lebestiaire.fr\\\/?product=foulard-en-soie-2#primaryimage\",\"url\":\"https:\\\/\\\/lebestiaire.fr\\\/wp-content\\\/uploads\\\/2024\\\/11\\\/papillons-atelier-scaled.jpg\",\"contentUrl\":\"https:\\\/\\\/lebestiaire.fr\\\/wp-content\\\/uploads\\\/2024\\\/11\\\/papillons-atelier-scaled.jpg\",\"width\":2560,\"height\":2560,\"caption\":\"Foulard en soie Les Papillons | Le Bestiaire\"},{\"@type\":\"BreadcrumbList\",\"@id\":\"https:\\\/\\\/lebestiaire.fr\\\/?product=foulard-en-soie-2#breadcrumb\",\"itemListElement\":[{\"@type\":\"ListItem\",\"position\":1,\"name\":\"Accueil\",\"item\":\"https:\\\/\\\/lebestiaire.fr\\\/\"},{\"@type\":\"ListItem\",\"position\":2,\"name\":\"Foulards &#038; Accessoires\",\"item\":\"https:\\\/\\\/lebestiaire.fr\\\/?page_id=60\"},{\"@type\":\"ListItem\",\"position\":3,\"name\":\"Foulard en soie &#8211; Les Papillons &#8211; \u00c9dition limit\u00e9e\"}]},{\"@type\":\"WebSite\",\"@id\":\"https:\\\/\\\/lebestiaire.fr\\\/#website\",\"url\":\"https:\\\/\\\/lebestiaire.fr\\\/\",\"name\":\"Le Bestiaire\",\"description\":\"Le Bestiaire \u2013 Accessoires textiles illustr\u00e9s, en soie ou coton, dessin\u00e9s et fabriqu\u00e9s en France\",\"publisher\":{\"@id\":\"https:\\\/\\\/lebestiaire.fr\\\/#organization\"},\"alternateName\":\"Le Bestiaire \u2022 Foulards & textiles illustr\u00e9s en France\",\"potentialAction\":[{\"@type\":\"SearchAction\",\"target\":{\"@type\":\"EntryPoint\",\"urlTemplate\":\"https:\\\/\\\/lebestiaire.fr\\\/?s={search_term_string}\"},\"query-input\":{\"@type\":\"PropertyValueSpecification\",\"valueRequired\":true,\"valueName\":\"search_term_string\"}}],\"inLanguage\":\"fr-FR\"},{\"@type\":\"Organization\",\"@id\":\"https:\\\/\\\/lebestiaire.fr\\\/#organization\",\"name\":\"Le Bestiaire\",\"url\":\"https:\\\/\\\/lebestiaire.fr\\\/\",\"logo\":{\"@type\":\"ImageObject\",\"inLanguage\":\"fr-FR\",\"@id\":\"https:\\\/\\\/lebestiaire.fr\\\/#\\\/schema\\\/logo\\\/image\\\/\",\"url\":\"https:\\\/\\\/lebestiaire.fr\\\/wp-content\\\/uploads\\\/2023\\\/06\\\/logo.jpg\",\"contentUrl\":\"https:\\\/\\\/lebestiaire.fr\\\/wp-content\\\/uploads\\\/2023\\\/06\\\/logo.jpg\",\"width\":1390,\"height\":569,\"caption\":\"Le Bestiaire\"},\"image\":{\"@id\":\"https:\\\/\\\/lebestiaire.fr\\\/#\\\/schema\\\/logo\\\/image\\\/\"}}]}<\/script>\n<!-- \/ Yoast SEO plugin. -->","yoast_head_json":{"title":"Foulard en soie - Les Papillons - \u00c9dition limit\u00e9e | Le Bestiaire","description":"Chaque foulard en soie Le Bestiaire est produit avec d\u00e9licatesse en \u00e9dition limit\u00e9e \u00e0 25 exemplaires, c'est une pi\u00e8ce rare et authentique.","robots":{"index":"index","follow":"follow","max-snippet":"max-snippet:-1","max-image-preview":"max-image-preview:large","max-video-preview":"max-video-preview:-1"},"canonical":"https:\/\/lebestiaire.fr\/?product=foulard-en-soie-2","og_locale":"fr_FR","og_type":"article","og_title":"Foulard en soie - Les Papillons - \u00c9dition limit\u00e9e | Le Bestiaire","og_description":"Chaque foulard en soie Le Bestiaire est produit avec d\u00e9licatesse en \u00e9dition limit\u00e9e \u00e0 25 exemplaires, c'est une pi\u00e8ce rare et authentique.","og_url":"https:\/\/lebestiaire.fr\/?product=foulard-en-soie-2","og_site_name":"Le Bestiaire","article_modified_time":"2025-11-29T15:59:59+00:00","og_image":[{"width":2560,"height":2560,"url":"https:\/\/lebestiaire.fr\/wp-content\/uploads\/2024\/11\/papillons-atelier-scaled.jpg","type":"image\/jpeg"}],"twitter_card":"summary_large_image","twitter_misc":{"Dur\u00e9e de lecture estim\u00e9e":"2 minutes"},"schema":{"@context":"https:\/\/schema.org","@graph":[{"@type":"WebPage","@id":"https:\/\/lebestiaire.fr\/?product=foulard-en-soie-2","url":"https:\/\/lebestiaire.fr\/?product=foulard-en-soie-2","name":"Foulard en soie - Les Papillons - \u00c9dition limit\u00e9e | Le Bestiaire","isPartOf":{"@id":"https:\/\/lebestiaire.fr\/#website"},"primaryImageOfPage":{"@id":"https:\/\/lebestiaire.fr\/?product=foulard-en-soie-2#primaryimage"},"image":{"@id":"https:\/\/lebestiaire.fr\/?product=foulard-en-soie-2#primaryimage"},"thumbnailUrl":"https:\/\/lebestiaire.fr\/wp-content\/uploads\/2024\/11\/papillons-atelier-scaled.jpg","datePublished":"2024-11-03T14:36:22+00:00","dateModified":"2025-11-29T15:59:59+00:00","description":"Chaque foulard en soie Le Bestiaire est produit avec d\u00e9licatesse en \u00e9dition limit\u00e9e \u00e0 25 exemplaires, c'est une pi\u00e8ce rare et authentique.","breadcrumb":{"@id":"https:\/\/lebestiaire.fr\/?product=foulard-en-soie-2#breadcrumb"},"inLanguage":"fr-FR","potentialAction":[{"@type":"ReadAction","target":["https:\/\/lebestiaire.fr\/?product=foulard-en-soie-2"]}]},{"@type":"ImageObject","inLanguage":"fr-FR","@id":"https:\/\/lebestiaire.fr\/?product=foulard-en-soie-2#primaryimage","url":"https:\/\/lebestiaire.fr\/wp-content\/uploads\/2024\/11\/papillons-atelier-scaled.jpg","contentUrl":"https:\/\/lebestiaire.fr\/wp-content\/uploads\/2024\/11\/papillons-atelier-scaled.jpg","width":2560,"height":2560,"caption":"Foulard en soie Les Papillons | Le Bestiaire"},{"@type":"BreadcrumbList","@id":"https:\/\/lebestiaire.fr\/?product=foulard-en-soie-2#breadcrumb","itemListElement":[{"@type":"ListItem","position":1,"name":"Accueil","item":"https:\/\/lebestiaire.fr\/"},{"@type":"ListItem","position":2,"name":"Foulards &#038; Accessoires","item":"https:\/\/lebestiaire.fr\/?page_id=60"},{"@type":"ListItem","position":3,"name":"Foulard en soie &#8211; Les Papillons &#8211; \u00c9dition limit\u00e9e"}]},{"@type":"WebSite","@id":"https:\/\/lebestiaire.fr\/#website","url":"https:\/\/lebestiaire.fr\/","name":"Le Bestiaire","description":"Le Bestiaire \u2013 Accessoires textiles illustr\u00e9s, en soie ou coton, dessin\u00e9s et fabriqu\u00e9s en France","publisher":{"@id":"https:\/\/lebestiaire.fr\/#organization"},"alternateName":"Le Bestiaire \u2022 Foulards & textiles illustr\u00e9s en France","potentialAction":[{"@type":"SearchAction","target":{"@type":"EntryPoint","urlTemplate":"https:\/\/lebestiaire.fr\/?s={search_term_string}"},"query-input":{"@type":"PropertyValueSpecification","valueRequired":true,"valueName":"search_term_string"}}],"inLanguage":"fr-FR"},{"@type":"Organization","@id":"https:\/\/lebestiaire.fr\/#organization","name":"Le Bestiaire","url":"https:\/\/lebestiaire.fr\/","logo":{"@type":"ImageObject","inLanguage":"fr-FR","@id":"https:\/\/lebestiaire.fr\/#\/schema\/logo\/image\/","url":"https:\/\/lebestiaire.fr\/wp-content\/uploads\/2023\/06\/logo.jpg","contentUrl":"https:\/\/lebestiaire.fr\/wp-content\/uploads\/2023\/06\/logo.jpg","width":1390,"height":569,"caption":"Le Bestiaire"},"image":{"@id":"https:\/\/lebestiaire.fr\/#\/schema\/logo\/image\/"}}]}},"jetpack_sharing_enabled":true,"_links":{"self":[{"href":"https:\/\/lebestiaire.fr\/index.php?rest_route=\/wp\/v2\/product\/2809","targetHints":{"allow":["GET"]}}],"collection":[{"href":"https:\/\/lebestiaire.fr\/index.php?rest_route=\/wp\/v2\/product"}],"about":[{"href":"https:\/\/lebestiaire.fr\/index.php?rest_route=\/wp\/v2\/types\/product"}],"replies":[{"embeddable":true,"href":"https:\/\/lebestiaire.fr\/index.php?rest_route=%2Fwp%2Fv2%2Fcomments&post=2809"}],"version-history":[{"count":15,"href":"https:\/\/lebestiaire.fr\/index.php?rest_route=\/wp\/v2\/product\/2809\/revisions"}],"predecessor-version":[{"id":4111,"href":"https:\/\/lebestiaire.fr\/index.php?rest_route=\/wp\/v2\/product\/2809\/revisions\/4111"}],"wp:featuredmedia":[{"embeddable":true,"href":"https:\/\/lebestiaire.fr\/index.php?rest_route=\/wp\/v2\/media\/2888"}],"wp:attachment":[{"href":"https:\/\/lebestiaire.fr\/index.php?rest_route=%2Fwp%2Fv2%2Fmedia&parent=2809"}],"wp:term":[{"taxonomy":"product_brand","embeddable":true,"href":"https:\/\/lebestiaire.fr\/index.php?rest_route=%2Fwp%2Fv2%2Fproduct_brand&post=2809"},{"taxonomy":"product_cat","embeddable":true,"href":"https:\/\/lebestiaire.fr\/index.php?rest_route=%2Fwp%2Fv2%2Fproduct_cat&post=2809"},{"taxonomy":"product_tag","embeddable":true,"href":"https:\/\/lebestiaire.fr\/index.php?rest_route=%2Fwp%2Fv2%2Fproduct_tag&post=2809"}],"curies":[{"name":"wp","href":"https:\/\/api.w.org\/{rel}","templated":true}]}}