{"id":62,"date":"2023-03-31T19:02:32","date_gmt":"2023-03-31T17:02:32","guid":{"rendered":"http:\/\/lebestiaire.fr\/index.php\/panier\/"},"modified":"2026-04-22T14:45:00","modified_gmt":"2026-04-22T12:45:00","slug":"panier","status":"publish","type":"page","link":"https:\/\/lebestiaire.fr\/?page_id=62","title":{"rendered":"Panier"},"content":{"rendered":"\t\t<div data-elementor-type=\"wp-page\" data-elementor-id=\"62\" class=\"elementor elementor-62\">\n\t\t\t\t<div class=\"elementor-element elementor-element-9adef8c e-con-full e-flex e-con e-parent\" data-id=\"9adef8c\" data-element_type=\"container\" data-e-type=\"container\">\n\t\t\t\t<div class=\"elementor-element elementor-element-8796d09 animated-slow elementor-invisible elementor-widget elementor-widget-image\" data-id=\"8796d09\" data-element_type=\"widget\" data-e-type=\"widget\" data-settings=\"{&quot;_animation&quot;:&quot;fadeIn&quot;}\" data-widget_type=\"image.default\">\n\t\t\t\t<div class=\"elementor-widget-container\">\n\t\t\t\t\t\t\t\t\t\t\t\t\t\t\t\t<a href=\"https:\/\/lebestiaire.fr\/?product_cat=lebestiaire\">\n\t\t\t\t\t\t\t<img fetchpriority=\"high\" decoding=\"async\" width=\"1024\" height=\"471\" src=\"https:\/\/lebestiaire.fr\/wp-content\/uploads\/2026\/04\/logovectorisepetit-1024x471.jpg\" class=\"attachment-large size-large wp-image-4267\" alt=\"\" srcset=\"https:\/\/lebestiaire.fr\/wp-content\/uploads\/2026\/04\/logovectorisepetit-1024x471.jpg 1024w, https:\/\/lebestiaire.fr\/wp-content\/uploads\/2026\/04\/logovectorisepetit-300x138.jpg 300w, https:\/\/lebestiaire.fr\/wp-content\/uploads\/2026\/04\/logovectorisepetit-768x353.jpg 768w, https:\/\/lebestiaire.fr\/wp-content\/uploads\/2026\/04\/logovectorisepetit-1536x706.jpg 1536w, https:\/\/lebestiaire.fr\/wp-content\/uploads\/2026\/04\/logovectorisepetit-2048x941.jpg 2048w, https:\/\/lebestiaire.fr\/wp-content\/uploads\/2026\/04\/logovectorisepetit-600x276.jpg 600w\" sizes=\"(max-width: 1024px) 100vw, 1024px\" \/>\t\t\t\t\t\t\t\t<\/a>\n\t\t\t\t\t\t\t\t\t\t\t\t\t\t\t<\/div>\n\t\t\t\t<\/div>\n\t\t\t\t<\/div>\n\t\t<div class=\"elementor-element elementor-element-0cf1ec8 e-con-full e-flex e-con e-parent\" data-id=\"0cf1ec8\" data-element_type=\"container\" data-e-type=\"container\" data-settings=\"{&quot;background_background&quot;:&quot;classic&quot;}\">\n\t\t\t\t<div class=\"elementor-element elementor-element-18215d0 elementor-widget elementor-widget-text-editor\" data-id=\"18215d0\" data-element_type=\"widget\" data-e-type=\"widget\" data-widget_type=\"text-editor.default\">\n\t\t\t\t<div class=\"elementor-widget-container\">\n\t\t\t\t\t\t\t\t\t<p>Livraison gratuite \u00e0 partir de 150 \u20ac d&rsquo;achat<\/p>\t\t\t\t\t\t\t\t<\/div>\n\t\t\t\t<\/div>\n\t\t\t\t<\/div>\n\t\t<div class=\"elementor-element elementor-element-75329f72 e-con-full e-flex e-con e-parent\" data-id=\"75329f72\" data-element_type=\"container\" data-e-type=\"container\">\n\t\t\t\t<div class=\"elementor-element elementor-element-429d9d48 elementor-widget elementor-widget-text-editor\" data-id=\"429d9d48\" data-element_type=\"widget\" data-e-type=\"widget\" data-widget_type=\"text-editor.default\">\n\t\t\t\t<div class=\"elementor-widget-container\">\n\t\t\t\t\t\t\t\t\t<div class=\"woocommerce\">\n<div class=\"woocommerce-notices-wrapper\"><\/div>\n<div class=\"wc-empty-cart-message\">\n<div class=\"cart-empty woocommerce-info\" role=\"status\">\n\t\tVotre panier est actuellement vide.\t<\/div>\n<\/div>\n<p class=\"return-to-shop\">\n\t\t<a class=\"button wc-backward\" href=\"https:\/\/lebestiaire.fr\/?page_id=60\"><br \/>\n\t\t\tRetour \u00e0 la boutique\t\t<\/a>\n\t<\/p>\n<\/div>\n\t\t\t\t\t\t\t\t<\/div>\n\t\t\t\t<\/div>\n\t\t\t\t<\/div>\n\t\t<div class=\"elementor-element elementor-element-7005a6e e-flex e-con-boxed e-con e-parent\" data-id=\"7005a6e\" data-element_type=\"container\" data-e-type=\"container\">\n\t\t\t\t\t<div class=\"e-con-inner\">\n\t\t\t\t\t<\/div>\n\t\t\t\t<\/div>\n\t\t\t\t<\/div>\n\t\t","protected":false},"excerpt":{"rendered":"<p>Livraison gratuite \u00e0 partir de 150 \u20ac d&rsquo;achat<\/p>\n","protected":false},"author":1,"featured_media":0,"parent":0,"menu_order":0,"comment_status":"closed","ping_status":"closed","template":"","meta":{"footnotes":""},"class_list":["post-62","page","type-page","status-publish","hentry","entry","owp-thumbs-layout-horizontal","owp-btn-normal","owp-tabs-layout-horizontal","has-no-thumbnails"],"yoast_head":"<!-- This site is optimized with the Yoast SEO plugin v27.4 - https:\/\/yoast.com\/product\/yoast-seo-wordpress\/ -->\n<title>Panier | Le Bestiaire<\/title>\n<meta name=\"robots\" content=\"index, follow, max-snippet:-1, max-image-preview:large, max-video-preview:-1\" \/>\n<link rel=\"canonical\" href=\"https:\/\/lebestiaire.fr\/?page_id=62\" \/>\n<meta property=\"og:locale\" content=\"fr_FR\" \/>\n<meta property=\"og:type\" content=\"article\" \/>\n<meta property=\"og:title\" content=\"Panier | Le Bestiaire\" \/>\n<meta property=\"og:description\" content=\"Livraison gratuite \u00e0 partir de 150 \u20ac d&rsquo;achat\" \/>\n<meta property=\"og:url\" content=\"https:\/\/lebestiaire.fr\/?page_id=62\" \/>\n<meta property=\"og:site_name\" content=\"Le Bestiaire\" \/>\n<meta property=\"article:modified_time\" content=\"2026-04-22T12:45:00+00:00\" \/>\n<meta property=\"og:image\" content=\"https:\/\/lebestiaire.fr\/wp-content\/uploads\/2026\/04\/logovectorisepetit-scaled.jpg\" \/>\n\t<meta property=\"og:image:width\" content=\"2560\" \/>\n\t<meta property=\"og:image:height\" content=\"1176\" \/>\n\t<meta property=\"og:image:type\" content=\"image\/jpeg\" \/>\n<meta name=\"twitter:card\" content=\"summary_large_image\" \/>\n<meta name=\"twitter:label1\" content=\"Dur\u00e9e de lecture estim\u00e9e\" \/>\n\t<meta name=\"twitter:data1\" content=\"1 minute\" \/>\n<script type=\"application\/ld+json\" class=\"yoast-schema-graph\">{\"@context\":\"https:\\\/\\\/schema.org\",\"@graph\":[{\"@type\":\"WebPage\",\"@id\":\"https:\\\/\\\/lebestiaire.fr\\\/?page_id=62\",\"url\":\"https:\\\/\\\/lebestiaire.fr\\\/?page_id=62\",\"name\":\"Panier | Le Bestiaire\",\"isPartOf\":{\"@id\":\"https:\\\/\\\/lebestiaire.fr\\\/#website\"},\"primaryImageOfPage\":{\"@id\":\"https:\\\/\\\/lebestiaire.fr\\\/?page_id=62#primaryimage\"},\"image\":{\"@id\":\"https:\\\/\\\/lebestiaire.fr\\\/?page_id=62#primaryimage\"},\"thumbnailUrl\":\"https:\\\/\\\/lebestiaire.fr\\\/wp-content\\\/uploads\\\/2026\\\/04\\\/logovectorisepetit-1024x471.jpg\",\"datePublished\":\"2023-03-31T17:02:32+00:00\",\"dateModified\":\"2026-04-22T12:45:00+00:00\",\"breadcrumb\":{\"@id\":\"https:\\\/\\\/lebestiaire.fr\\\/?page_id=62#breadcrumb\"},\"inLanguage\":\"fr-FR\",\"potentialAction\":[{\"@type\":\"ReadAction\",\"target\":[\"https:\\\/\\\/lebestiaire.fr\\\/?page_id=62\"]}]},{\"@type\":\"ImageObject\",\"inLanguage\":\"fr-FR\",\"@id\":\"https:\\\/\\\/lebestiaire.fr\\\/?page_id=62#primaryimage\",\"url\":\"https:\\\/\\\/lebestiaire.fr\\\/wp-content\\\/uploads\\\/2026\\\/04\\\/logovectorisepetit-scaled.jpg\",\"contentUrl\":\"https:\\\/\\\/lebestiaire.fr\\\/wp-content\\\/uploads\\\/2026\\\/04\\\/logovectorisepetit-scaled.jpg\",\"width\":2560,\"height\":1176},{\"@type\":\"BreadcrumbList\",\"@id\":\"https:\\\/\\\/lebestiaire.fr\\\/?page_id=62#breadcrumb\",\"itemListElement\":[{\"@type\":\"ListItem\",\"position\":1,\"name\":\"Accueil\",\"item\":\"https:\\\/\\\/lebestiaire.fr\\\/\"},{\"@type\":\"ListItem\",\"position\":2,\"name\":\"Panier\"}]},{\"@type\":\"WebSite\",\"@id\":\"https:\\\/\\\/lebestiaire.fr\\\/#website\",\"url\":\"https:\\\/\\\/lebestiaire.fr\\\/\",\"name\":\"Le Bestiaire\",\"description\":\"Le Bestiaire \u2013 Accessoires textiles illustr\u00e9s, en soie ou coton, dessin\u00e9s et fabriqu\u00e9s en France\",\"publisher\":{\"@id\":\"https:\\\/\\\/lebestiaire.fr\\\/#organization\"},\"alternateName\":\"Le Bestiaire \u2022 Foulards & textiles illustr\u00e9s en France\",\"potentialAction\":[{\"@type\":\"SearchAction\",\"target\":{\"@type\":\"EntryPoint\",\"urlTemplate\":\"https:\\\/\\\/lebestiaire.fr\\\/?s={search_term_string}\"},\"query-input\":{\"@type\":\"PropertyValueSpecification\",\"valueRequired\":true,\"valueName\":\"search_term_string\"}}],\"inLanguage\":\"fr-FR\"},{\"@type\":\"Organization\",\"@id\":\"https:\\\/\\\/lebestiaire.fr\\\/#organization\",\"name\":\"Le Bestiaire\",\"url\":\"https:\\\/\\\/lebestiaire.fr\\\/\",\"logo\":{\"@type\":\"ImageObject\",\"inLanguage\":\"fr-FR\",\"@id\":\"https:\\\/\\\/lebestiaire.fr\\\/#\\\/schema\\\/logo\\\/image\\\/\",\"url\":\"https:\\\/\\\/lebestiaire.fr\\\/wp-content\\\/uploads\\\/2026\\\/04\\\/logovectorisepetit2-scaled.jpg\",\"contentUrl\":\"https:\\\/\\\/lebestiaire.fr\\\/wp-content\\\/uploads\\\/2026\\\/04\\\/logovectorisepetit2-scaled.jpg\",\"width\":2560,\"height\":1176,\"caption\":\"Le Bestiaire\"},\"image\":{\"@id\":\"https:\\\/\\\/lebestiaire.fr\\\/#\\\/schema\\\/logo\\\/image\\\/\"}}]}<\/script>\n<!-- \/ Yoast SEO plugin. -->","yoast_head_json":{"title":"Panier | Le Bestiaire","robots":{"index":"index","follow":"follow","max-snippet":"max-snippet:-1","max-image-preview":"max-image-preview:large","max-video-preview":"max-video-preview:-1"},"canonical":"https:\/\/lebestiaire.fr\/?page_id=62","og_locale":"fr_FR","og_type":"article","og_title":"Panier | Le Bestiaire","og_description":"Livraison gratuite \u00e0 partir de 150 \u20ac d&rsquo;achat","og_url":"https:\/\/lebestiaire.fr\/?page_id=62","og_site_name":"Le Bestiaire","article_modified_time":"2026-04-22T12:45:00+00:00","og_image":[{"width":2560,"height":1176,"url":"https:\/\/lebestiaire.fr\/wp-content\/uploads\/2026\/04\/logovectorisepetit-scaled.jpg","type":"image\/jpeg"}],"twitter_card":"summary_large_image","twitter_misc":{"Dur\u00e9e de lecture estim\u00e9e":"1 minute"},"schema":{"@context":"https:\/\/schema.org","@graph":[{"@type":"WebPage","@id":"https:\/\/lebestiaire.fr\/?page_id=62","url":"https:\/\/lebestiaire.fr\/?page_id=62","name":"Panier | Le Bestiaire","isPartOf":{"@id":"https:\/\/lebestiaire.fr\/#website"},"primaryImageOfPage":{"@id":"https:\/\/lebestiaire.fr\/?page_id=62#primaryimage"},"image":{"@id":"https:\/\/lebestiaire.fr\/?page_id=62#primaryimage"},"thumbnailUrl":"https:\/\/lebestiaire.fr\/wp-content\/uploads\/2026\/04\/logovectorisepetit-1024x471.jpg","datePublished":"2023-03-31T17:02:32+00:00","dateModified":"2026-04-22T12:45:00+00:00","breadcrumb":{"@id":"https:\/\/lebestiaire.fr\/?page_id=62#breadcrumb"},"inLanguage":"fr-FR","potentialAction":[{"@type":"ReadAction","target":["https:\/\/lebestiaire.fr\/?page_id=62"]}]},{"@type":"ImageObject","inLanguage":"fr-FR","@id":"https:\/\/lebestiaire.fr\/?page_id=62#primaryimage","url":"https:\/\/lebestiaire.fr\/wp-content\/uploads\/2026\/04\/logovectorisepetit-scaled.jpg","contentUrl":"https:\/\/lebestiaire.fr\/wp-content\/uploads\/2026\/04\/logovectorisepetit-scaled.jpg","width":2560,"height":1176},{"@type":"BreadcrumbList","@id":"https:\/\/lebestiaire.fr\/?page_id=62#breadcrumb","itemListElement":[{"@type":"ListItem","position":1,"name":"Accueil","item":"https:\/\/lebestiaire.fr\/"},{"@type":"ListItem","position":2,"name":"Panier"}]},{"@type":"WebSite","@id":"https:\/\/lebestiaire.fr\/#website","url":"https:\/\/lebestiaire.fr\/","name":"Le Bestiaire","description":"Le Bestiaire \u2013 Accessoires textiles illustr\u00e9s, en soie ou coton, dessin\u00e9s et fabriqu\u00e9s en France","publisher":{"@id":"https:\/\/lebestiaire.fr\/#organization"},"alternateName":"Le Bestiaire \u2022 Foulards & textiles illustr\u00e9s en France","potentialAction":[{"@type":"SearchAction","target":{"@type":"EntryPoint","urlTemplate":"https:\/\/lebestiaire.fr\/?s={search_term_string}"},"query-input":{"@type":"PropertyValueSpecification","valueRequired":true,"valueName":"search_term_string"}}],"inLanguage":"fr-FR"},{"@type":"Organization","@id":"https:\/\/lebestiaire.fr\/#organization","name":"Le Bestiaire","url":"https:\/\/lebestiaire.fr\/","logo":{"@type":"ImageObject","inLanguage":"fr-FR","@id":"https:\/\/lebestiaire.fr\/#\/schema\/logo\/image\/","url":"https:\/\/lebestiaire.fr\/wp-content\/uploads\/2026\/04\/logovectorisepetit2-scaled.jpg","contentUrl":"https:\/\/lebestiaire.fr\/wp-content\/uploads\/2026\/04\/logovectorisepetit2-scaled.jpg","width":2560,"height":1176,"caption":"Le Bestiaire"},"image":{"@id":"https:\/\/lebestiaire.fr\/#\/schema\/logo\/image\/"}}]}},"jetpack_sharing_enabled":true,"_links":{"self":[{"href":"https:\/\/lebestiaire.fr\/index.php?rest_route=\/wp\/v2\/pages\/62","targetHints":{"allow":["GET"]}}],"collection":[{"href":"https:\/\/lebestiaire.fr\/index.php?rest_route=\/wp\/v2\/pages"}],"about":[{"href":"https:\/\/lebestiaire.fr\/index.php?rest_route=\/wp\/v2\/types\/page"}],"author":[{"embeddable":true,"href":"https:\/\/lebestiaire.fr\/index.php?rest_route=\/wp\/v2\/users\/1"}],"replies":[{"embeddable":true,"href":"https:\/\/lebestiaire.fr\/index.php?rest_route=%2Fwp%2Fv2%2Fcomments&post=62"}],"version-history":[{"count":19,"href":"https:\/\/lebestiaire.fr\/index.php?rest_route=\/wp\/v2\/pages\/62\/revisions"}],"predecessor-version":[{"id":4559,"href":"https:\/\/lebestiaire.fr\/index.php?rest_route=\/wp\/v2\/pages\/62\/revisions\/4559"}],"wp:attachment":[{"href":"https:\/\/lebestiaire.fr\/index.php?rest_route=%2Fwp%2Fv2%2Fmedia&parent=62"}],"curies":[{"name":"wp","href":"https:\/\/api.w.org\/{rel}","templated":true}]}}